{"id":640,"date":"2016-06-29T21:57:55","date_gmt":"2016-06-29T19:57:55","guid":{"rendered":"http:\/\/konstensvecka.se\/?page_id=640"},"modified":"2022-08-31T10:30:07","modified_gmt":"2022-08-31T08:30:07","slug":"arkiv","status":"publish","type":"page","link":"https:\/\/konstensvecka.se\/?page_id=640","title":{"rendered":"Arkiv"},"content":{"rendered":"<h2>TEMAN 2013-2015<\/h2>\n<p>Under m\u00e5nga \u00e5r hade Konstens Vecka ett tema, som oftast var samma som det konstbildningstema som f\u00f6rbundet arbetade med under \u00e5ret. I h\u00f6gerspalten finns information om teman mellan 2013-2015.<\/p>\n<p>&nbsp;<\/p>\n","protected":false},"excerpt":{"rendered":"<p>TEMAN 2013-2015 Under m\u00e5nga \u00e5r hade Konstens Vecka ett tema, som oftast var samma som det konstbildningstema som f\u00f6rbundet arbetade med under \u00e5ret. I h\u00f6gerspalten finns information om teman mellan 2013-2015. &nbsp;<\/p>\n","protected":false},"author":1,"featured_media":0,"parent":0,"menu_order":0,"comment_status":"closed","ping_status":"closed","template":"","meta":{"footnotes":""},"class_list":["post-640","page","type-page","status-publish"],"_links":{"self":[{"href":"https:\/\/konstensvecka.se\/index.php?rest_route=\/wp\/v2\/pages\/640","targetHints":{"allow":["GET"]}}],"collection":[{"href":"https:\/\/konstensvecka.se\/index.php?rest_route=\/wp\/v2\/pages"}],"about":[{"href":"https:\/\/konstensvecka.se\/index.php?rest_route=\/wp\/v2\/types\/page"}],"author":[{"embeddable":true,"href":"https:\/\/konstensvecka.se\/index.php?rest_route=\/wp\/v2\/users\/1"}],"replies":[{"embeddable":true,"href":"https:\/\/konstensvecka.se\/index.php?rest_route=%2Fwp%2Fv2%2Fcomments&post=640"}],"version-history":[{"count":5,"href":"https:\/\/konstensvecka.se\/index.php?rest_route=\/wp\/v2\/pages\/640\/revisions"}],"predecessor-version":[{"id":1037,"href":"https:\/\/konstensvecka.se\/index.php?rest_route=\/wp\/v2\/pages\/640\/revisions\/1037"}],"wp:attachment":[{"href":"https:\/\/konstensvecka.se\/index.php?rest_route=%2Fwp%2Fv2%2Fmedia&parent=640"}],"curies":[{"name":"wp","href":"https:\/\/api.w.org\/{rel}","templated":true}]}}