{"id":292,"date":"2013-09-16T08:42:44","date_gmt":"2013-09-16T06:42:44","guid":{"rendered":"http:\/\/konstensvecka.se\/?page_id=292"},"modified":"2016-06-29T22:14:18","modified_gmt":"2016-06-29T20:14:18","slug":"kristina-muntzing-och-kalle-brolin","status":"publish","type":"page","link":"https:\/\/konstensvecka.se\/?page_id=292","title":{"rendered":"Kristina M\u00fcntzing och Kalle Brolin"},"content":{"rendered":"<h2><strong>Intervju med Kristina M\u00fcntzing och Kalle Brolin<\/strong><\/h2>\n<p><b>Hur skulle ni beskriva ert artist statement? Vad intresserar er som konstn\u00e4rer?<\/b><\/p>\n<p>V\u00e5rt statement \u00e4r l\u00e5ngt som en hel blogg, och kan l\u00e4sas kontinuerligt p\u00e5 <a href=\"http:\/\/sunshinesocialistcinema.wordpress.com\" target=\"_blank\">sunshinesocialistcinema.wordpress.com<\/a>. Med v\u00e5r solcellsdrivna utomhusbiograf vill vi anv\u00e4nda konstfilm och konstvideo f\u00f6r att initiera diskussioner och debatt med utg\u00e5ngspunkt fr\u00e5n ett radikalt v\u00e4nsterh\u00e5ll. Bland annat pratar vi om konstn\u00e4rers och filmares l\u00e4ngtan efter tillh\u00f6righet i ett st\u00f6rre sammanhang, och om deras \u00f6nskan att konst skall kunna bidra till byggandet av en b\u00e4ttre tillvaro.<\/p>\n<p><b>Ni deltar i projektet Konst m\u00f6ter Konst. Kan ni ber\u00e4tta om varf\u00f6r ni valde verket \u00a0\u201dI skuggan av ett moln\u201d av Charlotte \u00d6berg Bakos i S\u00f6derk\u00f6ping?<\/b><\/p>\n<p>Vi har ett filmprogram som vi tycker kan leda in p\u00e5 diskussioner om post-industriell \u00f6verlevnad. \u201dI skuggan av ett moln\u201d kan eftersom det \u00e4r ett bra konstverk tolkas p\u00e5 flera olika s\u00e4tt, och vi har denna g\u00e5ng valt att se det som r\u00f6ken ur en fabriksskorsten. Att r\u00f6ken tecknas i neon leder in tankarna p\u00e5 st\u00e4der som vill marknadsf\u00f6ra sig med event och upplevelseindustri, som ers\u00e4ttning f\u00f6r tillverkningsindustri. Under ett s\u00e5dant moln passar v\u00e5r biograf\u00a0in v\u00e4ldigt fint, som b\u00e5de upplevelse och st\u00f6rning av upplevelsen.<\/p>\n<p><b>Det finns alltid en debatt om offentlig konst och vem som har m\u00f6jlighet att anv\u00e4nda och uttrycka sig p\u00e5 offentliga platser. Vilken betydelse har det offentliga rummet f\u00f6r er som konstn\u00e4rer och hur ser ni p\u00e5 diskussionen om vem som har r\u00e4tt att uttrycka sig i det offentliga rummet?<\/b><\/p>\n<p>Vi vet inte om vi har den r\u00e4tten, men vi tror p\u00e5 att man tar den. Precis som konstn\u00e4rens jobb kan vara att utvidga gr\u00e4nserna f\u00f6r vad som kan inkluderas under begreppet konst, kan konstn\u00e4rer ocks\u00e5 jobba med att vidga gr\u00e4nserna f\u00f6r olika s\u00e4tt att uttrycka sig i det offentliga rummet (hur en s\u00e4ger n\u00e5got snarare \u00e4n vad en s\u00e4ger). F\u00f6r oss \u00e4r det ocks\u00e5 ett test att anv\u00e4nda ordet socialist i v\u00e5rt namn, och se om censuren intr\u00e4der redan d\u00e4r, utan att censorn ens tittat p\u00e5 inneh\u00e5llet.<\/p>\n<p><b>Vad \u00e4r bakgrunden till Sunshine socialist cinema. Hur kom ni p\u00e5 den id\u00e9n och hur fungerar det?<\/b><\/p>\n<p>Vi bodde fr\u00e5n och till i Argentina under n\u00e5gra \u00e5r, och gick d\u00e4r p\u00e5 gratis utomhusbio i parkerna i Buenos Aires. De visade illegalt nerladdade filmer och diskuterade r\u00e4tten att anv\u00e4nda det som vardagsrum. Vi ville g\u00f6ra n\u00e5got liknande. Att anv\u00e4nda solen kom vi p\u00e5 d\u00e5 vi var i Ryssland och st\u00e4llde ut p\u00e5 en biennal, d\u00e4r vi nekades projektor och ist\u00e4llet f\u00f6r film gjorde en skuggteater, med solen som bakljus.<\/p>\n<p>Det fungerar bra. Vi har flera solceller nu \u00e4n i b\u00f6rjan, och laddar snabbt upp sk. fritidsbatterier. Vart batteri r\u00e4cker till ca. 90 minuter film, med den projektor vi anv\u00e4nder.<\/p>\n<p>Till en b\u00f6rjan visade vi bara film i en by i Sk\u00e5ne, H\u00f6ja, men nu har vi k\u00f6pt en gul gammal postbuss och f\u00f6rbereder en turn\u00e9 till n\u00e4sta sommar. Vi t\u00e4nker oss Kuxa Kanema,\u00a0turnerande utomhusbiografer i Mozambique som p\u00e5 70-talet visade socialistiska journalfilmer i byarna varje vecka, som en fin f\u00f6rebild.<\/p>\n<p><b>Hur kommer ni att presentera ert verk f\u00f6r publiken?<\/b><\/p>\n<p>Det blir ett konstn\u00e4rssamtal och d\u00e4refter ett filmprogram som visas i v\u00e5r solcellsladdade utomhusbio. Publiken tittar fr\u00e5n l\u00e4ktaren under Charlotte \u00d6berg Bakos skulptur. F\u00f6rhoppningsvis uppst\u00e5r en publikdiskussion efter filmerna. De filmer som visas \u00e4r \u201dCentaur\u201d av Tamas StAuby, \u201dHej jag heter Rita\u201d av Rita Winde, \u201dThe Crowd Is Your Element\u201d av Paula von Seth, och \u201dA Ruda Road Movie\u201d av Marie Bondeson. Temat f\u00f6r visningen \u00e4r \u201dArbetare l\u00e4mnar fabriken\u201d (efter br\u00f6derna Lumi\u00e8res f\u00f6rsta film).<\/p>\n<p><strong>Hemsida<\/strong>:\u00a0<a href=\"http:\/\/www.kallebrolin.com\/\" target=\"_blank\">www.kallebrolin.com<\/a>\u00a0och\u00a0<a href=\"http:\/\/www.kristinamuntzing.com\/\" target=\"_blank\">www.kristinamuntzing.com<\/a><\/p>\n","protected":false},"excerpt":{"rendered":"<p>Intervju med Kristina M\u00fcntzing och Kalle Brolin Hur skulle ni beskriva ert artist statement? Vad intresserar er som konstn\u00e4rer? V\u00e5rt statement \u00e4r l\u00e5ngt som en hel blogg, och kan l\u00e4sas kontinuerligt p\u00e5 sunshinesocialistcinema.wordpress.com. Med v\u00e5r solcellsdrivna utomhusbiograf vill vi anv\u00e4nda konstfilm och konstvideo f\u00f6r att initiera diskussioner och debatt med utg\u00e5ngspunkt fr\u00e5n ett radikalt v\u00e4nsterh\u00e5ll. Bland annat pratar vi om konstn\u00e4rers och filmares l\u00e4ngtan efter tillh\u00f6righet i ett st\u00f6rre sammanhang, och om deras \u00f6nskan att konst skall kunna bidra till byggandet av en b\u00e4ttre tillvaro. Ni deltar i projektet Konst m\u00f6ter Konst. Kan ni ber\u00e4tta om varf\u00f6r ni valde verket \u00a0\u201dI skuggan av ett moln\u201d av Charlotte \u00d6berg Bakos i S\u00f6derk\u00f6ping? Vi har ett filmprogram som vi tycker kan leda in p\u00e5 diskussioner om post-industriell \u00f6verlevnad. \u201dI skuggan av ett moln\u201d kan eftersom det \u00e4r ett bra konstverk tolkas p\u00e5 flera olika s\u00e4tt, och vi har denna g\u00e5ng valt att&hellip;<\/p>\n<p> <a class=\"more-link\" href=\"https:\/\/konstensvecka.se\/?page_id=292\">L\u00e4s mer<\/a><\/p>\n","protected":false},"author":1,"featured_media":0,"parent":217,"menu_order":0,"comment_status":"closed","ping_status":"open","template":"","meta":{"footnotes":""},"class_list":["post-292","page","type-page","status-publish"],"_links":{"self":[{"href":"https:\/\/konstensvecka.se\/index.php?rest_route=\/wp\/v2\/pages\/292","targetHints":{"allow":["GET"]}}],"collection":[{"href":"https:\/\/konstensvecka.se\/index.php?rest_route=\/wp\/v2\/pages"}],"about":[{"href":"https:\/\/konstensvecka.se\/index.php?rest_route=\/wp\/v2\/types\/page"}],"author":[{"embeddable":true,"href":"https:\/\/konstensvecka.se\/index.php?rest_route=\/wp\/v2\/users\/1"}],"replies":[{"embeddable":true,"href":"https:\/\/konstensvecka.se\/index.php?rest_route=%2Fwp%2Fv2%2Fcomments&post=292"}],"version-history":[{"count":4,"href":"https:\/\/konstensvecka.se\/index.php?rest_route=\/wp\/v2\/pages\/292\/revisions"}],"predecessor-version":[{"id":657,"href":"https:\/\/konstensvecka.se\/index.php?rest_route=\/wp\/v2\/pages\/292\/revisions\/657"}],"up":[{"embeddable":true,"href":"https:\/\/konstensvecka.se\/index.php?rest_route=\/wp\/v2\/pages\/217"}],"wp:attachment":[{"href":"https:\/\/konstensvecka.se\/index.php?rest_route=%2Fwp%2Fv2%2Fmedia&parent=292"}],"curies":[{"name":"wp","href":"https:\/\/api.w.org\/{rel}","templated":true}]}}