{"id":427,"date":"2014-08-12T13:36:07","date_gmt":"2014-08-12T11:36:07","guid":{"rendered":"http:\/\/konstensvecka.se\/?page_id=427"},"modified":"2016-06-29T22:09:22","modified_gmt":"2016-06-29T20:09:22","slug":"skulpturrevolt-gransoverskridande-samverkan","status":"publish","type":"page","link":"http:\/\/konstensvecka.se\/?page_id=427","title":{"rendered":"Skulpturrevolt gr\u00e4ns\u00f6verskridande samverkan"},"content":{"rendered":"<p><a href=\"http:\/\/konstensvecka.se\/wp-content\/uploads\/2014\/08\/revolt.jpg\"><img loading=\"lazy\" decoding=\"async\" class=\"aligncenter size-full wp-image-428\" src=\"http:\/\/konstensvecka.se\/wp-content\/uploads\/2014\/08\/revolt.jpg\" alt=\"revolt\" width=\"500\" height=\"413\" srcset=\"http:\/\/konstensvecka.se\/wp-content\/uploads\/2014\/08\/revolt.jpg 500w, http:\/\/konstensvecka.se\/wp-content\/uploads\/2014\/08\/revolt-300x247.jpg 300w\" sizes=\"auto, (max-width: 500px) 100vw, 500px\" \/><\/a><\/p>\n<p>Arrang\u00f6r: Sk\u00e5debanan i J\u00f6nk\u00f6pings l\u00e4n i samarbete med J\u00f6nk\u00f6pings<br \/>\nkommun, N\u00e4ssj\u00f6 kommun, Gislaveds kommun, J\u00f6nk\u00f6pings l\u00e4ns<br \/>\nmuseum, Sveriges Konstf\u00f6reningar J\u00f6nk\u00f6pings l\u00e4n, J\u00f6nk\u00f6pings l\u00e4ns<br \/>\nkonstf\u00f6rening, N\u00e4ssj\u00f6 konstf\u00f6rening, Gislaveds konstf\u00f6rening, Sensus<br \/>\nJ\u00f6nk\u00f6pings l\u00e4n och Landstinget i J\u00f6nk\u00f6pings l\u00e4n<\/p>\n<p><strong>Skulpturrevolt vill<\/strong><\/p>\n<ul>\n<li>G\u00f6ra m\u00e4nniskor nyfikna p\u00e5 konst och kultur.<\/li>\n<li>Visa verken p\u00e5 ett s\u00e5dant s\u00e4tt att \u00e5sk\u00e5darna ser n\u00e5got nytt i dem.<\/li>\n<li>Intressera en bredare publik och f\u00e5 folk att bli glada och uppm\u00e4rksamma.<\/li>\n<li>Anv\u00e4nda ett annorlunda s\u00e4tt att n\u00e4rma sig kultur, genom att till exempel st\u00e4lla sig fr\u00e5gan varf\u00f6r det oftast \u00e4r gubbar som blir statyer. H\u00e4r \u00e4r J\u00f6nk\u00f6pings kommun ett undantag!<\/li>\n<li>Vara genre\/grupp\/generations\/gr\u00e4ns\u00f6verskridande.<\/li>\n<li>Vara samh\u00e4lls- och samtidsorienterat.<\/li>\n<li>Arrangera och delta i program som genomf\u00f6rs genom samordning av kulturinstitutioner, kommuner, skolan, musiker\/konstn\u00e4rer\/forskare och ideella inom kulturomr\u00e5det.<\/li>\n<\/ul>\n<p><strong>Om projektet Skulpturrevolt<\/strong><\/p>\n<p>Projektet Skulpturrevolt har vuxit l\u00e5ngsamt. I konstf\u00f6reningsr\u00f6relsen finns m\u00e5nga allm\u00e4nt samh\u00e4llsintresserade. En del av oss funderade p\u00e5 hur det statliga genomf\u00f6randet av \u201dpengar i koffert\u201d till regionerna skulle p\u00e5verka kulturlivet i v\u00e5rt l\u00e4n, J\u00f6nk\u00f6pings l\u00e4n. V\u00e5rt distrikt var en av de f\u00f6reningar som var med och startade Sk\u00e5debanan i J\u00f6nk\u00f6pings l\u00e4n 2008. Detta blev ett forum f\u00f6r diskussion om samverkan inom kultursektorn.<\/p>\n<p>Parallellt planerade Landstinget i J\u00f6nk\u00f6pings l\u00e4n genomf\u00f6randet av regionens kulturplaner. Allt eftersom planerna blev tydligare, ins\u00e5g vi i det s k civilsamh\u00e4llet att det fanns ett visst utrymme f\u00f6r oss. Vi ins\u00e5g ocks\u00e5 allt mer att behovet av samverkan skulle bli st\u00f6rre och st\u00f6rre. S\u00e5 fr\u00e5n och med 2011 arbetar vi i v\u00e5rt distrikt med samverkansprojektet Skulpturrevolt. Sk\u00e5debanan i J\u00f6nk\u00f6pings l\u00e4n \u00e4ger projektet och hittills har distriktets konstf\u00f6rening varit projektledare.<\/p>\n<p>Samverkan \u00e4r sv\u00e5rt. Kompromisser kr\u00e4vs. Ett arrangemang m\u00e5ste flytta p\u00e5 sig eller sl\u00e5 sig ihop med n\u00e5got annat som krockar i tiden. Vi hade dessutom en tydlig id\u00e9 om att samarbetet inte bara skulle ske horisontellt. Vi ville mer! Fr\u00e5n lokal upp till och med regional niv\u00e5 skulle det vara. Vidare tyckte vi att ideella krafter och institutioner inom kultursektorn skulle dra nytta av varandra i n\u00e5got eller n\u00e5gra projekt. Framtidens ideella f\u00f6reningar satsar kanske p\u00e5 att engagera sig i n\u00e5got kort- eller l\u00e5ngvarigt projekt?<\/p>\n<p>S\u00e5 Skulpturrevolt gav sig in i kulturpolitiken och arrangerade en kulturpolitisk debatt den 22 april. I h\u00f6st st\u00e5r samtidskonsten i centrum. Inom det omr\u00e5det finns en tydlig koppling mellan kultur och samh\u00e4llsdebatt.<\/p>\n<p>Arrangemangen v\u00e4nder sig till alla intresserade men i v\u00e5ra metoder finns en tydlig satsning p\u00e5 det vi tror \u00e4r n\u00e5gra nya m\u00e5lgrupper. Tre kommuner i J\u00f6nk\u00f6pings l\u00e4n \u00e4r med i projektet och vi ordnar tillf\u00e4lligt resebyr\u00e5n Gr\u00e4nsl\u00f6sa skulpturresor f\u00f6r att underl\u00e4tta samarbetet. Tanken \u00e4r att vi skall ha roligt! Vara nyfikna! Men under den humoristiska ytan \u00e4r v\u00e5r gemensamma id\u00e9 att genom samtal och m\u00f6te g\u00f6ra allt f\u00f6r att ge r\u00f6st \u00e5t vikten av demokrati!<\/p>\n<h2><strong>ARRANGEMANG<\/strong><\/h2>\n<p><strong>Samtidskonst \u2013 s\u00e5 funkar det!<\/strong><\/p>\n<p><strong>Konstn\u00e4rer<\/strong>: Bianca Maria Barmen \u201d<em>Atlanten \u2013 jag \u00e4r mycket lugn nu<\/em>\u201d m.fl.<\/p>\n<p><strong>Tid:\u00a0<\/strong>Den 31 augusti 2014 kl. 9.30 \u2013 ca 15.00<\/p>\n<p><strong>Plats:\u00a0<\/strong>Kulturhuset Pigalle N\u00e4ssj\u00f6<\/p>\n<p>Hur fungerar samtidskonst?\u00a0Vad \u00e4r performance? Kan man k\u00f6pa installationer? Vad h\u00e4nder n\u00e4r id\u00e9er \u00e4r viktigare arbetsmaterial f\u00f6r konstn\u00e4rerna \u00e4n brons och oljef\u00e4rg? Dessa fr\u00e5gor ger Linda Fagerstr\u00f6m svar p\u00e5 i f\u00f6rel\u00e4sningen &#8221;<em>Samtidskonst &#8211; s\u00e5 funkar det<\/em>\u201d.<\/p>\n<p>Linda Fagerstr\u00f6m \u00e4r konsthistoriker och universitetsl\u00e4rare vid Linn\u00e9universitetet. Hon \u00e4r ocks\u00e5 verksam som konstkritiker i Helsingborgs Dagblad.<\/p>\n<p>Lennart Alves, konsthallschef i N\u00e4ssj\u00f6 ber\u00e4ttar om tv\u00e5 aktuella exempel p\u00e5 samtidskonst i N\u00e4ssj\u00f6. Bianca Maria Barmens utst\u00e4llning i N\u00e4ssj\u00f6 Konsthall presenteras. Vi promenerar ocks\u00e5 ut p\u00e5 stan f\u00f6r att se N\u00e4ssj\u00f6s senaste tillskott av offentlig konst.<\/p>\n<p style=\"text-align: center;\">***<\/p>\n<p><strong>Samtidskonst \u2013 s\u00e5 funkar det med teknik!<\/strong><\/p>\n<p><strong>Tid: <\/strong>Den 4 oktober 2014 kl 9.30 \u2013 ca 15.00<\/p>\n<p><strong>Plats: <\/strong>Fokus, stadsbiblioteket i J\u00f6nk\u00f6ping och J\u00f6nk\u00f6pings l\u00e4ns museum<\/p>\n<p>V\u00e4lkomna till J\u00f6nk\u00f6ping och en underh\u00e5llande kulturdag. F\u00f6rmiddagen bjuder p\u00e5 en presentation av \u00e4mnet informationsteknologi och konst. Vi ledsagas in i \u00e4mnet av H\u00e5kan Nilsson, professor p\u00e5 Konstfack i Stockholm, som visar oss en rad fantastiska exempel. F\u00f6rmiddagen avslutas med en tillbakablick p\u00e5 KulturDagNatt och Skulpturrevolts inslag d\u00e5 p\u00e5 temat hj\u00e4ltar och antihj\u00e4ltar. Alexandra Dahlberg och Andreas Westman ger exempel p\u00e5 hur man kan anv\u00e4nda minecraft. P\u00e5 eftermiddagen f\u00e5r du m\u00f6jlighet att pr\u00f6va p\u00e5 hur man kan f\u00f6rverkliga en kulturid\u00e9 med eller utan hj\u00e4lp av teknik!<\/p>\n<p style=\"text-align: center;\">***<\/p>\n<p><strong>Inget konstigt med samtidskonst<\/strong><\/p>\n<p><strong>Konstn\u00e4rer: <\/strong>Susanne Torstensson van der Heeg, ArtFem och utst\u00e4llningen \u201dThe Girls Next Door\u201d<\/p>\n<p><strong>Tid <\/strong>Den 18 oktober 2014 kl 12.00 \u2013 ca 15.00<\/p>\n<p><strong>Plats <\/strong>Gislaveds konsthall<strong>\u00a0<\/strong><\/p>\n<p>Gislaveds konsthalllockar med en feministisk konstdag den <strong>18 oktober. <\/strong>Frida Ohlsson Sandahl presenterar QomUt-festivalen. Vi bjuds en performance av Susanne Torstensson van der Heeg och ArtFem visar videokonst och utst\u00e4llningen \u201dThe Girls Next Door\u201d p\u00e5g\u00e5r.<\/p>\n<p style=\"text-align: center;\">\u00a0\u00a0***<\/p>\n<p><strong>\u00a0N\u00e4ssj\u00f6bor\u00a0visar konstsom \u00e4r upp\u00e5t v\u00e4ggarna<\/strong><\/p>\n<p>Vecka 40 \u00e4r det Konstens Vecka. Skulpturrevolt bjuder in till muralm\u00e5lningsvandringar! Start vid Konsthallen. Varje guidning g\u00f6rs av en \u201dvanlig\u201d och en konstintresserad N\u00e4ssj\u00f6bo. Allm\u00e4nheten v\u00e4lkomna! Kostnadsfritt deltagande. V\u00e4lkomna till vetgirig tisdag och vandringar d\u00e5 N\u00e4ssj\u00f6bor kommer att presentera m\u00e5lningarna utifr\u00e5n sin synvinkel och alla f\u00e5r tillf\u00e4lle att prata om det vi ser!<\/p>\n<p><strong>M\u00e5ndagen den 29 september kl 18.00<\/strong><\/p>\n<p>Ruben Albertsson, arkitekt, arbetar p\u00e5 N\u00e4ssj\u00f6akademin och Ulla-Britt Lindqvist<\/p>\n<p><strong>Tisdagen den 30 september kl 18.30 Plats: Konsthallen<\/strong><\/p>\n<p>Lennart Alves, konsthallschef och Ulla-Britt Lindqvist, f\u00f6reningsaktiv samtalar om konstens och kulturens plats i samh\u00e4llet<\/p>\n<p><strong>Onsdagen den 1 oktober kl 18.00<\/strong><\/p>\n<p>Ingvar Ellbring, kulturperson, arbetar ideellt i kyrkan och Maj Wid\u00e4ng<\/p>\n<p><strong>Torsdagen den 2 oktober kl 18.00<\/strong><\/p>\n<p>Gunnar Nilsson, fotograf med eget f\u00f6retag, undervisar och Birgitha Skagert <strong>L\u00f6rdagen den 4 oktober kl 14.00 <\/strong><\/p>\n<p>Anders Arin och Marianne Lindstr\u00f6m<\/p>\n<p>V\u00e4lkomna!<\/p>\n<p style=\"text-align: center;\">\u00a0***<\/p>\n<p><strong>Gr\u00e4ns\u00f6verskridande skulpturresa<\/strong><\/p>\n<p>Vill du ocks\u00e5 g\u00f6ra n\u00e5got annorlunda? Ni har ju t\u00e4nkt s\u00e5 l\u00e4nge att ni i syjuntan, bodybuildarna, bouleklubben, bokcirkeln, vink\u00e4nnarna, filosofiska klubben, buggkursen skulle g\u00f6ra en utflykt. Vi har svaret!! F\u00f6lj med p\u00e5 en resa f\u00f6r en dag i konstens, humorns och allvarets tecken.<\/p>\n<p>V\u00e5ga dig p\u00e5 n\u00e5got halsbrytande, men g\u00f6r det i tryggt s\u00e4llskap. Upplevelsen \u00e4r att vara med om en dag om samtidskonst i N\u00e4ssj\u00f6, J\u00f6nk\u00f6ping och\/eller Gislaved. F\u00f6r m\u00e5nga av oss \u00e4r det ett ok\u00e4nt omr\u00e5de. Ta med dig n\u00e5gra kompisar och p\u00e5 bussen tr\u00e4ffar du andra medresen\u00e4rer. Lika ovetande! Ni sitter alla i samma buss!<\/p>\n<p>Vi reser i en intim minibuss. P\u00e5 bussen finns en samtalsledare. D\u00e5 f\u00e5r du lyssna till beskrivningar inf\u00f6r dagens tema. Se separat information om respektive ort! Vi erbjuder en dag med en inblick i konstn\u00e4rers varierande vis att skildra nutid och framtid.<\/p>\n<p>P\u00e5 v\u00e4gen hem har ni m\u00f6jlighet att st\u00e4lla fr\u00e5gor, samtala med varandra och inte minst prata om vad som h\u00e4nt under dagen och \u00e4ntligen (tillsammans med din syjunta \u2026\u2026\u2026) f\u00e5 v\u00e4dra det ni upplevt tillsammans.<\/p>\n<p>Erbjudandet g\u00e4ller:<\/p>\n<p>Gr\u00e4ns\u00f6verskridande skulpturresor. En dag om samtidskonst i N\u00e4ssj\u00f6, J\u00f6nk\u00f6ping och\/eller Gislaved. Den 4\/10. Resorna \u00e4r till N\u00e4ssj\u00f6 31\/8, J\u00f6nk\u00f6ping 4\/10 och Gislaved 18\/10.<\/p>\n<p style=\"text-align: center;\">***<\/p>\n<p><strong>Konsten binder ihop v\u00e4st och \u00f6st\u00a0 <\/strong><\/p>\n<p><strong>Fr\u00e5n Vattenresan p\u00e5 j\u00e4rnv\u00e4gsstationen till resandeskulptur p\u00e5 Hovr\u00e4ttstorget<\/strong><\/p>\n<p>Vi arrangerar konstinslag i gatumilj\u00f6n 27 september \u2013 4 oktober i J\u00f6nk\u00f6ping. Tre konstn\u00e4rer deltar.<\/p>\n<p>Ulla Hultberg lyfter fram och kommenterar Barbro B\u00e4ckstroms Vattenresan tillsammans med Evelina Danbacke. Den finns inne p\u00e5 j\u00e4rnv\u00e4gsstationen. I R\u00e5dhusparken finns Harpolekaren och hans son. Mario Rojas presenterar ett till\u00e4gg med sikte p\u00e5 framtiden. P\u00e5 \u00d6stra Storgatan och p\u00e5 Borgm\u00e4stargr\u00e4nd finns P\u00e5l Svenssons Formation i sten (fem granitskulpturer) och Kristina Gadh har valt att synligg\u00f6ra dem f\u00f6r v\u00e5ra hemmablinda \u00f6gon.<\/p>\n<p>P\u00e5 KulturDagNatt den 27 september finns vi p\u00e5 plats 12.00 &#8211; 18.00\u00a0 och vi diskuterar g\u00e4rna offentlig konst!<\/p>\n<p>V\u00e4lkomna!<\/p>\n<p>&nbsp;<\/p>\n<p>&nbsp;<\/p>\n","protected":false},"excerpt":{"rendered":"<p>Arrang\u00f6r: Sk\u00e5debanan i J\u00f6nk\u00f6pings l\u00e4n i samarbete med J\u00f6nk\u00f6pings kommun, N\u00e4ssj\u00f6 kommun, Gislaveds kommun, J\u00f6nk\u00f6pings l\u00e4ns museum, Sveriges Konstf\u00f6reningar J\u00f6nk\u00f6pings l\u00e4n, J\u00f6nk\u00f6pings l\u00e4ns konstf\u00f6rening, N\u00e4ssj\u00f6 konstf\u00f6rening, Gislaveds konstf\u00f6rening, Sensus J\u00f6nk\u00f6pings l\u00e4n och Landstinget i J\u00f6nk\u00f6pings l\u00e4n Skulpturrevolt vill G\u00f6ra m\u00e4nniskor nyfikna p\u00e5 konst och kultur. Visa verken p\u00e5 ett s\u00e5dant s\u00e4tt att \u00e5sk\u00e5darna ser n\u00e5got nytt i dem. Intressera en bredare publik och f\u00e5 folk att bli glada och uppm\u00e4rksamma. Anv\u00e4nda ett annorlunda s\u00e4tt att n\u00e4rma sig kultur, genom att till exempel st\u00e4lla sig fr\u00e5gan varf\u00f6r det oftast \u00e4r gubbar som blir statyer. H\u00e4r \u00e4r J\u00f6nk\u00f6pings kommun ett undantag! Vara genre\/grupp\/generations\/gr\u00e4ns\u00f6verskridande. Vara samh\u00e4lls- och samtidsorienterat. Arrangera och delta i program som genomf\u00f6rs genom samordning av kulturinstitutioner, kommuner, skolan, musiker\/konstn\u00e4rer\/forskare och ideella inom kulturomr\u00e5det. Om projektet Skulpturrevolt Projektet Skulpturrevolt har vuxit l\u00e5ngsamt. I konstf\u00f6reningsr\u00f6relsen finns m\u00e5nga allm\u00e4nt samh\u00e4llsintresserade. En del av oss funderade p\u00e5 hur det statliga genomf\u00f6randet av \u201dpengar i&hellip;<\/p>\n<p> <a class=\"more-link\" href=\"http:\/\/konstensvecka.se\/?page_id=427\">L\u00e4s mer<\/a><\/p>\n","protected":false},"author":1,"featured_media":0,"parent":372,"menu_order":0,"comment_status":"closed","ping_status":"open","template":"","meta":{"footnotes":""},"class_list":["post-427","page","type-page","status-publish"],"_links":{"self":[{"href":"http:\/\/konstensvecka.se\/index.php?rest_route=\/wp\/v2\/pages\/427","targetHints":{"allow":["GET"]}}],"collection":[{"href":"http:\/\/konstensvecka.se\/index.php?rest_route=\/wp\/v2\/pages"}],"about":[{"href":"http:\/\/konstensvecka.se\/index.php?rest_route=\/wp\/v2\/types\/page"}],"author":[{"embeddable":true,"href":"http:\/\/konstensvecka.se\/index.php?rest_route=\/wp\/v2\/users\/1"}],"replies":[{"embeddable":true,"href":"http:\/\/konstensvecka.se\/index.php?rest_route=%2Fwp%2Fv2%2Fcomments&post=427"}],"version-history":[{"count":6,"href":"http:\/\/konstensvecka.se\/index.php?rest_route=\/wp\/v2\/pages\/427\/revisions"}],"predecessor-version":[{"id":502,"href":"http:\/\/konstensvecka.se\/index.php?rest_route=\/wp\/v2\/pages\/427\/revisions\/502"}],"up":[{"embeddable":true,"href":"http:\/\/konstensvecka.se\/index.php?rest_route=\/wp\/v2\/pages\/372"}],"wp:attachment":[{"href":"http:\/\/konstensvecka.se\/index.php?rest_route=%2Fwp%2Fv2%2Fmedia&parent=427"}],"curies":[{"name":"wp","href":"https:\/\/api.w.org\/{rel}","templated":true}]}}