{"id":324,"date":"2013-11-29T09:49:10","date_gmt":"2013-11-29T08:49:10","guid":{"rendered":"http:\/\/konstensvecka.se\/?page_id=324"},"modified":"2016-06-29T22:10:40","modified_gmt":"2016-06-29T20:10:40","slug":"dokumentation-av-konst-moter-konst","status":"publish","type":"page","link":"http:\/\/konstensvecka.se\/?page_id=324","title":{"rendered":"Dokumentation"},"content":{"rendered":"<p>Under Konstens Vecka, v 40, skapades inom projektet Konst m\u00f6ter Konst fyra platsspecifika verk p\u00e5 fyra olika platser i landet. Emma Philipsson genomf\u00f6rde en performance, \u201dWorkoutfit\u201d, p\u00e5 \u00c4lvsborgsplan i G\u00f6teborg, Linda Tedsdotter producerade verket \u201dEn norsk, en dansk, en tysk och Bellman skulle cykla V\u00e4ttern runt och samtidigt g\u00e5 p\u00e5 djupet om nyttan med konsten\u201d i Motala och runt V\u00e4ttern, Kristina M\u00fcntzing\/Kalle Brolin tog med sig sin \u201dSunshine Socialist Cinema\u201d, den socialistiska solskensbiografen till S\u00f6derk\u00f6ping och visade film i den och Klas Eriksson genomf\u00f6rde \u201dColours, Colours, Colours\u201d, en spektakul\u00e4r performance i Alings\u00e5s. Anledning till att det blev just dessa platser var att konstn\u00e4rerna i inledningen av projektet fick v\u00e4lja var sitt offentligt konstverk ur <b>Konstkartan <\/b>och ta fram ett helt nytt konstverk med koppling eller relation till det. De verk som valdes ut var \u201dBoll\u201d av Berit Lindfeldt, \u201dYttrandefrihet\u201d av Carolina Falkholt, \u201dV\u00e4tternrundan\u201d av Irene Nordh och \u201dI\u00a0skuggan av ett\u00a0moln\u201d av Charlotte \u00d6berg Bakos. De nya tillf\u00e4lliga verken visades i anslutning till dessa.<\/p>\n<p>P\u00e5 v\u00e5r hemsida kan du under december m\u00e5nad ta del av dokumentationer fr\u00e5n de fyra projekten. En videodokumentation visar Emma Philipssons performance \u201dWorkoutfit\u201d i G\u00f6teborg, p\u00e5 en ljudfil g\u00e5r det att lyssna p\u00e5 Linda Tedsdotters verk \u201dEn norsk, en dansk, en tysk och Bellman skulle cykla V\u00e4ttern runt och samtidigt g\u00e5 p\u00e5 djupet om nyttan med konsten\u201d, bilder dokumenterar filmvisningen i \u201dSunshine Socialist Cinema\u201d i S\u00f6derk\u00f6ping och en video som visar hur det s\u00e5g ut i Alings\u00e5s under Klas Erikssons performance \u201dColors, Colors, Colors\u201d.<\/p>\n<p>L\u00e4s \u00e4ven intervjuerna med konstn\u00e4rerna:\u00a0<a href=\"http:\/\/konstensvecka.se\/?page_id=294\">Emma Philipson<\/a>,\u00a0<a href=\"http:\/\/konstensvecka.se\/?page_id=299\">Klas Eriksson<\/a>.\u00a0<a href=\"http:\/\/konstensvecka.se\/?page_id=292\">Kristina M\u00fcntzing och Kalle Brolin<\/a>\u00a0och\u00a0<a href=\"http:\/\/konstensvecka.se\/?page_id=302\">Linda Tedsdotter<\/a><\/p>\n<p>&nbsp;<\/p>\n<hr \/>\n<h2 style=\"text-align: center;\">Emma Philipssons performance<\/h2>\n<h2 style=\"text-align: center;\">\u201dWorkoutfit\u201d i G\u00f6teborg<\/h2>\n<p style=\"text-align: center;\"><iframe loading=\"lazy\" src=\"\/\/player.vimeo.com\/video\/78626357\" width=\"500\" height=\"281\" frameborder=\"0\" allowfullscreen=\"allowfullscreen\"><\/iframe><\/p>\n<p style=\"text-align: center;\"><a href=\"http:\/\/vimeo.com\/78626357\">WORKOUTFIT<\/a> from <a href=\"http:\/\/vimeo.com\/user1474569\">Emma Pilipon<\/a> on <a href=\"https:\/\/vimeo.com\">Vimeo<\/a>.<\/p>\n<h2 style=\"text-align: center;\"><\/h2>\n<hr \/>\n<h2 style=\"text-align: center;\"><\/h2>\n<h2 style=\"text-align: center;\">Linda Tedsdotters verk<\/h2>\n<h2 style=\"text-align: center;\">\u201dEn norsk, en dansk, en tysk och Bellman skulle cykla\u00a0V\u00e4ttern runt och samtidigt g\u00e5 p\u00e5 djupet om nyttan med konsten\u201d i Motala<\/h2>\n<p>&nbsp;<\/p>\n<audio class=\"wp-audio-shortcode\" id=\"audio-324-1\" preload=\"none\" style=\"width: 100%;\" controls=\"controls\"><source type=\"audio\/mpeg\" src=\"http:\/\/konstensvecka.se\/wp-content\/uploads\/2013\/11\/Linda-Tedsdotter-bellman.mp3?_=1\" \/><a href=\"http:\/\/konstensvecka.se\/wp-content\/uploads\/2013\/11\/Linda-Tedsdotter-bellman.mp3\">http:\/\/konstensvecka.se\/wp-content\/uploads\/2013\/11\/Linda-Tedsdotter-bellman.mp3<\/a><\/audio>\n<h2 style=\"text-align: center;\"><\/h2>\n<p style=\"text-align: center;\">.<\/p>\n<hr \/>\n<h2 style=\"text-align: center;\">Klas Erikssons performance<\/h2>\n<h2 style=\"text-align: center;\">\u201dColors, Colors, Colors\u201d i Alings\u00e5s<\/h2>\n<p style=\"text-align: center;\"><iframe loading=\"lazy\" src=\"\/\/www.youtube.com\/embed\/rKMtW7wwnuY\" width=\"560\" height=\"315\" frameborder=\"0\" allowfullscreen=\"allowfullscreen\"><\/iframe><\/p>\n<h2 style=\"text-align: center;\"><\/h2>\n<hr \/>\n<h2 style=\"text-align: center;\">Kristina M\u00fcntzing\/Kalle Brolin<\/h2>\n<h2 style=\"text-align: center;\">\u201dSunshine Socialist Cinema\u201d, i S\u00f6derk\u00f6ping<\/h2>\n<p style=\"text-align: center;\"><a href=\"http:\/\/konstensvecka.se\/wp-content\/uploads\/2013\/11\/web1.jpg\"><img loading=\"lazy\" decoding=\"async\" class=\"aligncenter size-full wp-image-326\" src=\"http:\/\/konstensvecka.se\/wp-content\/uploads\/2013\/11\/web1.jpg\" alt=\"web1\" width=\"500\" height=\"375\" srcset=\"http:\/\/konstensvecka.se\/wp-content\/uploads\/2013\/11\/web1.jpg 500w, http:\/\/konstensvecka.se\/wp-content\/uploads\/2013\/11\/web1-300x225.jpg 300w\" sizes=\"auto, (max-width: 500px) 100vw, 500px\" \/><\/a><\/p>\n<p style=\"text-align: center;\">\u00a0Foto:\u00a0Kristina M\u00fcntzing\/Kalle Brolin<\/p>\n<p style=\"text-align: center;\"><a href=\"http:\/\/konstensvecka.se\/wp-content\/uploads\/2013\/11\/web2.jpg\"><img loading=\"lazy\" decoding=\"async\" class=\"aligncenter size-full wp-image-327\" src=\"http:\/\/konstensvecka.se\/wp-content\/uploads\/2013\/11\/web2.jpg\" alt=\"web2\" width=\"500\" height=\"667\" srcset=\"http:\/\/konstensvecka.se\/wp-content\/uploads\/2013\/11\/web2.jpg 500w, http:\/\/konstensvecka.se\/wp-content\/uploads\/2013\/11\/web2-224x300.jpg 224w\" sizes=\"auto, (max-width: 500px) 100vw, 500px\" \/><\/a><\/p>\n<p style=\"text-align: center;\">\u00a0Foto:\u00a0Kristina M\u00fcntzing\/Kalle Brolin<\/p>\n<p>&nbsp;<\/p>\n<p>&nbsp;<\/p>\n<p>&nbsp;<\/p>\n","protected":false},"excerpt":{"rendered":"<p>Under Konstens Vecka, v 40, skapades inom projektet Konst m\u00f6ter Konst fyra platsspecifika verk p\u00e5 fyra olika platser i landet. Emma Philipsson genomf\u00f6rde en performance, \u201dWorkoutfit\u201d, p\u00e5 \u00c4lvsborgsplan i G\u00f6teborg, Linda Tedsdotter producerade verket \u201dEn norsk, en dansk, en tysk och Bellman skulle cykla V\u00e4ttern runt och samtidigt g\u00e5 p\u00e5 djupet om nyttan med konsten\u201d i Motala och runt V\u00e4ttern, Kristina M\u00fcntzing\/Kalle Brolin tog med sig sin \u201dSunshine Socialist Cinema\u201d, den socialistiska solskensbiografen till S\u00f6derk\u00f6ping och visade film i den och Klas Eriksson genomf\u00f6rde \u201dColours, Colours, Colours\u201d, en spektakul\u00e4r performance i Alings\u00e5s. Anledning till att det blev just dessa platser var att konstn\u00e4rerna i inledningen av projektet fick v\u00e4lja var sitt offentligt konstverk ur Konstkartan och ta fram ett helt nytt konstverk med koppling eller relation till det. De verk som valdes ut var \u201dBoll\u201d av Berit Lindfeldt, \u201dYttrandefrihet\u201d av Carolina Falkholt, \u201dV\u00e4tternrundan\u201d av Irene Nordh och \u201dI\u00a0skuggan av ett\u00a0moln\u201d&hellip;<\/p>\n<p> <a class=\"more-link\" href=\"http:\/\/konstensvecka.se\/?page_id=324\">L\u00e4s mer<\/a><\/p>\n","protected":false},"author":1,"featured_media":0,"parent":217,"menu_order":0,"comment_status":"closed","ping_status":"open","template":"","meta":{"footnotes":""},"class_list":["post-324","page","type-page","status-publish"],"_links":{"self":[{"href":"http:\/\/konstensvecka.se\/index.php?rest_route=\/wp\/v2\/pages\/324","targetHints":{"allow":["GET"]}}],"collection":[{"href":"http:\/\/konstensvecka.se\/index.php?rest_route=\/wp\/v2\/pages"}],"about":[{"href":"http:\/\/konstensvecka.se\/index.php?rest_route=\/wp\/v2\/types\/page"}],"author":[{"embeddable":true,"href":"http:\/\/konstensvecka.se\/index.php?rest_route=\/wp\/v2\/users\/1"}],"replies":[{"embeddable":true,"href":"http:\/\/konstensvecka.se\/index.php?rest_route=%2Fwp%2Fv2%2Fcomments&post=324"}],"version-history":[{"count":14,"href":"http:\/\/konstensvecka.se\/index.php?rest_route=\/wp\/v2\/pages\/324\/revisions"}],"predecessor-version":[{"id":654,"href":"http:\/\/konstensvecka.se\/index.php?rest_route=\/wp\/v2\/pages\/324\/revisions\/654"}],"up":[{"embeddable":true,"href":"http:\/\/konstensvecka.se\/index.php?rest_route=\/wp\/v2\/pages\/217"}],"wp:attachment":[{"href":"http:\/\/konstensvecka.se\/index.php?rest_route=%2Fwp%2Fv2%2Fmedia&parent=324"}],"curies":[{"name":"wp","href":"https:\/\/api.w.org\/{rel}","templated":true}]}}