{"id":299,"date":"2013-09-16T08:53:44","date_gmt":"2013-09-16T06:53:44","guid":{"rendered":"http:\/\/konstensvecka.se\/?page_id=299"},"modified":"2016-06-29T22:14:46","modified_gmt":"2016-06-29T20:14:46","slug":"klas-eriksson","status":"publish","type":"page","link":"http:\/\/konstensvecka.se\/?page_id=299","title":{"rendered":"Klas Eriksson"},"content":{"rendered":"<h2><strong>Intervju med Klas Eriksson<\/strong><\/h2>\n<p>Klas Eriksson har valt att arbeta med en graffitiv\u00e4gg av Carolina Falkholt som finns i Alings\u00e5s.<\/p>\n<p><b>Varf\u00f6r valde du det h\u00e4r konstverket eller den h\u00e4r platsen?<\/b><\/p>\n<p>Det k\u00e4ndes som st\u00f6rsta utmaningen, att utmana en tv\u00e5dimensionell klassisk bild p\u00e5 n\u00e5got s\u00e4tt.<\/p>\n<p><b>Kan du ber\u00e4tta n\u00e5got om vad du har f\u00f6r id\u00e9er och tankar om platsen?<\/b><\/p>\n<p>Jag t\u00e4nker g\u00f6ra kaos med den. F\u00f6rs\u00f6ka f\u00f6rvandla den tv\u00e5dimensionella bilden till en tredimensionell upplevelse med hj\u00e4lp av flyktiga f\u00e4rgf\u00e4lt, och eventuellt kommer Salong Flyttkartong\/Bilbatteri\/Solcell tatuera folk i kaoset.<\/p>\n<p><b>Du arbetar i vanliga fall med tempo\u00adr\u00e4ra skulpturer i stadsrummet som Mono Colored Atmosphere fr\u00e5n 2012 d\u00e4r du f\u00e4rgade luften i centrala K\u00f6penhamn r\u00f6d. Varf\u00f6r anv\u00e4nder du dig av begreppet skulptur och inte performance eller installation? <\/b><\/p>\n<p>Jag hade en id\u00e9 om performance till en b\u00f6rjan men sen blev den givna arkitektu\u00adren mer och mer intressant f\u00f6r mig. Jag ville utmana den, f\u00f6ra n\u00e5gon dialog och helst se den f\u00f6rsvinna helt och h\u00e5llet under en period. F\u00f6r mig k\u00e4nns det mera som skulpturer d\u00e5 en hel byggnad s\u00e4tts ur spel och performance k\u00e4ndes inte lika intressant f\u00f6r att definiera vad det hela \u00e4r.<\/p>\n<p><b>M\u00e5nga av dina tempor\u00e4ra skulpturer k\u00e4nns v\u00e4ldigt scenografiska n\u00e4stan som filminspelningsplatser. Finns det en filmisk inspiration i hur du iscen\u00ads\u00e4tter dina verk eller varifr\u00e5n h\u00e4mtar du inspiration?<\/b><\/p>\n<p>Jag h\u00e4mtar inspiration fr\u00e5n v\u00e4nner med stort V; Linn\u00e9a Sj\u00f6berg, Clara Gesang-Gottowt, Simon Mullan, Olav Westpha\u00adlen, Juan-Pedro Fabra Guemberena, Power Ekroth, Martin Schibli, Lars-Erik Hjert\u00adstr\u00f6m Lappalainen, D\u2019\u00f6vr, Axel Nordin och atelj\u00e9f\u00f6reningen i Lugnet (top notch). Det filmiska har jag inte reflekterat \u00f6ver s\u00e5 mycket, f\u00f6r mig handlar det om att utmana givna konventioner och offentliga rum, g\u00f6ra n\u00e5got som skapar ett nytt rum eller spelrum, och n\u00e4r det uppst\u00e5r kanske det kan se filmiskt ut, men fiktio\u00adnen saknas.<\/p>\n<p><b>N\u00e4r man pratar om offentlig konst kommer man alltid till fr\u00e5gan om vem som f\u00e5r uttrycka sig och synas i det offentliga rummet. F\u00f6r en konst\u00adn\u00e4r \u00e4r det ofta en l\u00e5ng och byr\u00e5kra\u00adtisk process att f\u00e5 tillst\u00e5nd att utf\u00f6ra ett konstprojekt i det offentliga rum\u00admet. Hur ser du p\u00e5 det?<\/b><\/p>\n<p>Jag t\u00e4nker att det bara \u00e4r att k\u00f6ra, ibland vill andra fixa tillst\u00e5nd, f\u00f6r min egen del anser jag att det inte borde beh\u00f6vas, offentliga rum ska man kunna uttrycka sig i, och om det skulle skapa oro eller fr\u00e5getecken s\u00e5 tillf\u00f6r det bara n\u00e5gonting till all annan oro och fr\u00e5getecken som folk totalt verkar blunda f\u00f6r \u2026<\/p>\n<p>Hemsida:\u00a0<a href=\"http:\/\/www.klaseriksson.org\/\" target=\"_blank\">www.klaseriksson.org\/<\/a><\/p>\n","protected":false},"excerpt":{"rendered":"<p>Intervju med Klas Eriksson Klas Eriksson har valt att arbeta med en graffitiv\u00e4gg av Carolina Falkholt som finns i Alings\u00e5s. Varf\u00f6r valde du det h\u00e4r konstverket eller den h\u00e4r platsen? Det k\u00e4ndes som st\u00f6rsta utmaningen, att utmana en tv\u00e5dimensionell klassisk bild p\u00e5 n\u00e5got s\u00e4tt. Kan du ber\u00e4tta n\u00e5got om vad du har f\u00f6r id\u00e9er och tankar om platsen? Jag t\u00e4nker g\u00f6ra kaos med den. F\u00f6rs\u00f6ka f\u00f6rvandla den tv\u00e5dimensionella bilden till en tredimensionell upplevelse med hj\u00e4lp av flyktiga f\u00e4rgf\u00e4lt, och eventuellt kommer Salong Flyttkartong\/Bilbatteri\/Solcell tatuera folk i kaoset. Du arbetar i vanliga fall med tempo\u00adr\u00e4ra skulpturer i stadsrummet som Mono Colored Atmosphere fr\u00e5n 2012 d\u00e4r du f\u00e4rgade luften i centrala K\u00f6penhamn r\u00f6d. Varf\u00f6r anv\u00e4nder du dig av begreppet skulptur och inte performance eller installation? Jag hade en id\u00e9 om performance till en b\u00f6rjan men sen blev den givna arkitektu\u00adren mer och mer intressant f\u00f6r mig. Jag ville utmana den, f\u00f6ra n\u00e5gon&hellip;<\/p>\n<p> <a class=\"more-link\" href=\"http:\/\/konstensvecka.se\/?page_id=299\">L\u00e4s mer<\/a><\/p>\n","protected":false},"author":1,"featured_media":0,"parent":217,"menu_order":0,"comment_status":"closed","ping_status":"open","template":"","meta":{"footnotes":""},"class_list":["post-299","page","type-page","status-publish"],"_links":{"self":[{"href":"http:\/\/konstensvecka.se\/index.php?rest_route=\/wp\/v2\/pages\/299","targetHints":{"allow":["GET"]}}],"collection":[{"href":"http:\/\/konstensvecka.se\/index.php?rest_route=\/wp\/v2\/pages"}],"about":[{"href":"http:\/\/konstensvecka.se\/index.php?rest_route=\/wp\/v2\/types\/page"}],"author":[{"embeddable":true,"href":"http:\/\/konstensvecka.se\/index.php?rest_route=\/wp\/v2\/users\/1"}],"replies":[{"embeddable":true,"href":"http:\/\/konstensvecka.se\/index.php?rest_route=%2Fwp%2Fv2%2Fcomments&post=299"}],"version-history":[{"count":2,"href":"http:\/\/konstensvecka.se\/index.php?rest_route=\/wp\/v2\/pages\/299\/revisions"}],"predecessor-version":[{"id":659,"href":"http:\/\/konstensvecka.se\/index.php?rest_route=\/wp\/v2\/pages\/299\/revisions\/659"}],"up":[{"embeddable":true,"href":"http:\/\/konstensvecka.se\/index.php?rest_route=\/wp\/v2\/pages\/217"}],"wp:attachment":[{"href":"http:\/\/konstensvecka.se\/index.php?rest_route=%2Fwp%2Fv2%2Fmedia&parent=299"}],"curies":[{"name":"wp","href":"https:\/\/api.w.org\/{rel}","templated":true}]}}